{"id":3797,"date":"2022-11-17T19:56:51","date_gmt":"2022-11-17T19:56:51","guid":{"rendered":"https:\/\/www.pixir.com.mx\/?page_id=3797"},"modified":"2022-11-22T15:29:49","modified_gmt":"2022-11-22T15:29:49","slug":"ciencia-de-datos","status":"publish","type":"page","link":"https:\/\/www.pixir.com.mx\/en\/ciencia-de-datos\/","title":{"rendered":"Ciencia-de-datos"},"content":{"rendered":"<p><section id=\"bt_bb_section69e3456486d02\"  class=\"bt_bb_section bt_bb_layout_boxed_1200 bt_bb_vertical_align_middle bt_bb_background_overlay_light_solid bt_bb_top_spacing_large bt_bb_bottom_spacing_large\" style=\";background-color:rgb(255,255,255);\"    data-bt-override-class=\"null\"><div class=\"bt_bb_port\"><div class=\"bt_bb_cell\"><div class=\"bt_bb_cell_inner\"><div class=\"bt_bb_row  bt_bb_column_gap_20\" style=\"; --column-gap:20px;\" data-bt-override-class=\"{}\"><div class=\"bt_bb_row_holder\" ><div  class=\"bt_bb_column col-xxl-6 col-xl-6 bt_bb_vertical_align_top bt_bb_align_center bt_bb_padding_normal bt_bb_animation_fade_in move_left animate\" style=\"; --column-width:6;\" data-width=\"6\" data-bt-override-class=\"{&quot;bt_bb_align_&quot;:{&quot;current_class&quot;:&quot;bt_bb_align_center&quot;,&quot;xxl&quot;:&quot;center&quot;,&quot;xl&quot;:&quot;center&quot;}}\"><div class=\"bt_bb_column_content\"><div class=\"bt_bb_column_content_inner\"><div class=\"bt_bb_image bt_bb_shape_square bt_bb_target_self bt_bb_align_inherit bt_bb_hover_style_simple bt_bb_content_display_always bt_bb_content_align_middle\" data-bt-override-class=\"{&quot;bt_bb_align_&quot;:{&quot;current_class&quot;:&quot;bt_bb_align_inherit&quot;,&quot;xxl&quot;:&quot;inherit&quot;,&quot;xl&quot;:&quot;inherit&quot;}}\"><span><img loading=\"lazy\" decoding=\"async\" width=\"1280\" height=\"1280\" src=\"https:\/\/www.pixir.com.mx\/wp-content\/uploads\/2022\/11\/cienciadatos-1280x1280.jpg\" class=\"attachment-boldthemes_large_square size-boldthemes_large_square\" alt=\"https:\/\/www.pixir.com.mx\/wp-content\/uploads\/2022\/11\/cienciadatos-1280x1280.jpg\" data-full_image_src=\"https:\/\/www.pixir.com.mx\/wp-content\/uploads\/2022\/11\/cienciadatos.jpg\" title=\"cienciadatos\" srcset=\"https:\/\/www.pixir.com.mx\/wp-content\/uploads\/2022\/11\/cienciadatos-1280x1280.jpg 1280w, https:\/\/www.pixir.com.mx\/wp-content\/uploads\/2022\/11\/cienciadatos-640x640.jpg 640w, https:\/\/www.pixir.com.mx\/wp-content\/uploads\/2022\/11\/cienciadatos-160x160.jpg 160w, https:\/\/www.pixir.com.mx\/wp-content\/uploads\/2022\/11\/cienciadatos-768x768.jpg 768w, https:\/\/www.pixir.com.mx\/wp-content\/uploads\/2022\/11\/cienciadatos-1536x1536.jpg 1536w, https:\/\/www.pixir.com.mx\/wp-content\/uploads\/2022\/11\/cienciadatos-320x320.jpg 320w, https:\/\/www.pixir.com.mx\/wp-content\/uploads\/2022\/11\/cienciadatos.jpg 2000w\" sizes=\"auto, (max-width: 1280px) 100vw, 1280px\" \/><\/span><\/div><\/div><\/div><\/div><div  class=\"bt_bb_column col-xxl-6 col-xl-6 bt_bb_vertical_align_top bt_bb_align_left bt_bb_padding_normal bt_bb_animation_fade_in move_right animate\" style=\"; --column-width:6;\" data-width=\"6\" data-bt-override-class=\"{}\"><div class=\"bt_bb_column_content\"><div class=\"bt_bb_column_content_inner\"><header class=\"bt_bb_headline bt_bb_dash_top bt_bb_superheadline bt_bb_subheadline bt_bb_size_inherit bt_bb_align_center\" data-bt-override-class=\"{&quot;bt_bb_size_&quot;:{&quot;current_class&quot;:&quot;bt_bb_size_inherit&quot;,&quot;xxl&quot;:&quot;inherit&quot;,&quot;xl&quot;:&quot;inherit&quot;},&quot;bt_bb_align_&quot;:{&quot;current_class&quot;:&quot;bt_bb_align_center&quot;,&quot;xxl&quot;:&quot;center&quot;,&quot;xl&quot;:&quot;center&quot;}}\"><h4 class=\"bt_bb_headline_tag\"><span class=\"bt_bb_headline_superheadline\">Desarollo de<\/span><span class=\"bt_bb_headline_content\"><span>Ciencia de <strong>Datos<\/strong><br \/><br \/>\n<\/span><\/span><\/h4><div class=\"bt_bb_headline_subheadline\">En Pixir somos especialistas en la aplicaci\u00f3n de t\u00e9cnicas anal\u00edticas avanzadas y principios cient\u00edficos para extraer informaci\u00f3n valiosa de los datos.<\/p><br \/>\n<p>Teniendo en cuenta que la ciencia de datos tiene un enfoque multidisciplinario que combina principios y pr\u00e1cticas del campo de las matem\u00e1ticas, la estad\u00edstica, la inteligencia artificial y la ingenier\u00eda de computaci\u00f3n para analizar grandes cantidades de datos. Este an\u00e1lisis permite que los cient\u00edficos de datos planteen y respondan a preguntas como \u201cqu\u00e9 pas\u00f3\u201d, \u201cpor qu\u00e9 pas\u00f3\u201d, \u201cqu\u00e9 pasar\u00e1\u201d y \u201cqu\u00e9 se puede hacer con los resultados\u201d.<\/div><\/header><div class=\"bt_bb_separator bt_bb_border_style_none bt_bb_top_spacing_normal bt_bb_bottom_spacing_small\" data-bt-override-class=\"null\"><\/div><div class=\"bt_bb_separator bt_bb_border_style_none bt_bb_bottom_spacing_medium bt_bb_hidden_md bt_bb_hidden_lg\" data-bt-override-class=\"null\"><\/div><\/div><\/div><\/div><\/div><\/div><\/div><\/div><\/div><\/section><section id=\"bt_bb_section69e3456487988\"  class=\"bt_bb_section bt_bb_color_scheme_2 bt_bb_layout_boxed_1200 bt_bb_vertical_align_top bt_bb_background_overlay_light_solid bt_bb_top_spacing_medium bt_bb_bottom_spacing_medium\" style=\"; --section-primary-color:#181818; --section-secondary-color:#ffffff;\"    data-bt-override-class=\"null\"><div class=\"bt_bb_port\"><div class=\"bt_bb_cell\"><div class=\"bt_bb_cell_inner\"><div class=\"bt_bb_row\"  data-bt-override-class=\"{}\"><div class=\"bt_bb_row_holder\" ><div  class=\"bt_bb_column col-xxl-12 col-xl-12 bt_bb_vertical_align_top bt_bb_align_center bt_bb_padding_normal bt_bb_animation_fade_in move_left animate\" style=\"; --column-width:12;\" data-width=\"12\" data-bt-override-class=\"{}\"><div class=\"bt_bb_column_content\"><div class=\"bt_bb_column_content_inner\"><div class=\"bt_bb_separator bt_bb_border_style_none bt_bb_top_spacing_medium bt_bb_bottom_spacing_extra_small bt_bb_hidden_xs bt_bb_hidden_ms bt_bb_hidden_sm\" data-bt-override-class=\"null\"><\/div><header class=\"bt_bb_headline bt_bb_dash_none bt_bb_subheadline bt_bb_size_large bt_bb_align_inherit\" data-bt-override-class=\"{&quot;bt_bb_size_&quot;:{&quot;current_class&quot;:&quot;bt_bb_size_large&quot;,&quot;xxl&quot;:&quot;large&quot;,&quot;xl&quot;:&quot;large&quot;},&quot;bt_bb_align_&quot;:{&quot;current_class&quot;:&quot;bt_bb_align_inherit&quot;,&quot;xxl&quot;:&quot;inherit&quot;,&quot;xl&quot;:&quot;inherit&quot;}}\"><h2 class=\"bt_bb_headline_tag\"><span class=\"bt_bb_headline_content\"><span>Projects<br \/><br \/>\n<strong>made by PIXIR<\/strong><\/span><\/span><\/h2><div class=\"bt_bb_headline_subheadline\">Pixir ha desarrollado proyectos en la aplicaci\u00f3n de ciencia de datos, evaluando, ajustando e implementando los modelos de datos necesarios para satisfacer las necesidades del cliente.<\/div><\/header><div class=\"bt_bb_separator bt_bb_border_style_none bt_bb_top_spacing_medium bt_bb_bottom_spacing_normal bt_bb_hidden_xs bt_bb_hidden_ms bt_bb_hidden_sm\" data-bt-override-class=\"null\"><\/div><div class=\"bt_bb_separator bt_bb_border_style_none bt_bb_top_spacing_normal bt_bb_hidden_md bt_bb_hidden_lg\" data-bt-override-class=\"null\"><\/div><\/div><\/div><\/div><\/div><\/div><div class=\"bt_bb_row\"  data-bt-override-class=\"{}\"><div class=\"bt_bb_row_holder\" ><div  class=\"bt_bb_column col-xxl-12 col-xl-12 col-xs-12 col-sm-12 col-md-12 col-lg-12 bt_bb_vertical_align_top bt_bb_align_center bt_bb_padding_normal bt_bb_animation_fade_in move_up animate\" style=\"; --column-width:12;\" data-width=\"12\" data-bt-override-class=\"{}\"><div class=\"bt_bb_column_content\"><div class=\"bt_bb_column_content_inner\"><div class=\"bt_bb_icon bt_bb_color_scheme_1 bt_bb_style_gradient_filled bt_bb_size_normal bt_bb_shape_circle bt_bb_align_inherit\" style=\"; --icon-primary-color:#ffffff; --icon-secondary-color:#181818;\" data-bt-override-class=\"null\"><span  data-ico-business=\"&#xf191;\" class=\"bt_bb_icon_holder\"><\/span><\/div><div class=\"bt_bb_separator bt_bb_border_style_none bt_bb_top_spacing_normal\" data-bt-override-class=\"null\"><\/div><header class=\"bt_bb_headline bt_bb_font_weight_bold bt_bb_dash_bottom bt_bb_size_small bt_bb_align_inherit\" data-bt-override-class=\"{&quot;bt_bb_size_&quot;:{&quot;current_class&quot;:&quot;bt_bb_size_small&quot;,&quot;xxl&quot;:&quot;small&quot;,&quot;xl&quot;:&quot;small&quot;},&quot;bt_bb_align_&quot;:{&quot;current_class&quot;:&quot;bt_bb_align_inherit&quot;,&quot;xxl&quot;:&quot;inherit&quot;,&quot;xl&quot;:&quot;inherit&quot;}}\"><h4 class=\"bt_bb_headline_tag\"><span class=\"bt_bb_headline_content\"><span><a href=\"https:\/\/www.pixir.com.mx\/en\/clubrotariocienciadedatos\/\" target=\"_self\" title=\"CLUB ROTARIO TOLLAN \">CLUB ROTARIO TOLLAN <\/a><\/span><\/span><\/h4><\/header><div class=\"bt_bb_separator bt_bb_border_style_none bt_bb_top_spacing_small bt_bb_bottom_spacing_extra_small\" data-bt-override-class=\"null\"><\/div><header class=\"bt_bb_headline bt_bb_font_weight_bold bt_bb_dash_none bt_bb_size_extrasmall bt_bb_align_inherit\" data-bt-override-class=\"{&quot;bt_bb_size_&quot;:{&quot;current_class&quot;:&quot;bt_bb_size_extrasmall&quot;,&quot;xxl&quot;:&quot;extrasmall&quot;,&quot;xl&quot;:&quot;extrasmall&quot;},&quot;bt_bb_align_&quot;:{&quot;current_class&quot;:&quot;bt_bb_align_inherit&quot;,&quot;xxl&quot;:&quot;inherit&quot;,&quot;xl&quot;:&quot;inherit&quot;}}\"><\/header><div class=\"bt_bb_separator bt_bb_border_style_none bt_bb_top_spacing_small bt_bb_bottom_spacing_normal\" data-bt-override-class=\"null\"><\/div><\/div><\/div><\/div><\/div><\/div><\/div><\/div><\/div><\/section><section id=\"bt_bb_section69e345648803c\"  class=\"bt_bb_section bt_bb_layout_boxed_1200 bt_bb_vertical_align_top bt_bb_background_overlay_light_solid bt_bb_top_spacing_normal bt_bb_bottom_spacing_small\"     data-bt-override-class=\"null\"><div class=\"bt_bb_port\"><div class=\"bt_bb_cell\"><div class=\"bt_bb_cell_inner\"><div class=\"bt_bb_row\"  data-bt-override-class=\"{}\"><div class=\"bt_bb_row_holder\" ><div  class=\"bt_bb_column col-xxl-12 col-xl-12 col-xs-12 col-sm-12 col-md-12 col-lg-12 bt_bb_vertical_align_top bt_bb_align_center bt_bb_padding_normal bt_bb_animation_fade_in move_down animate\" style=\"; --column-width:12;\" data-width=\"12\" data-bt-override-class=\"{}\"><div class=\"bt_bb_column_content\"><div class=\"bt_bb_column_content_inner\"><div class=\"bt_bb_separator bt_bb_border_style_none bt_bb_top_spacing_medium bt_bb_bottom_spacing_normal bt_bb_hidden_xs bt_bb_hidden_ms bt_bb_hidden_sm\" data-bt-override-class=\"null\"><\/div><header class=\"bt_bb_headline bt_bb_dash_none bt_bb_subheadline bt_bb_size_large bt_bb_align_inherit\" data-bt-override-class=\"{&quot;bt_bb_size_&quot;:{&quot;current_class&quot;:&quot;bt_bb_size_large&quot;,&quot;xxl&quot;:&quot;large&quot;,&quot;xl&quot;:&quot;large&quot;},&quot;bt_bb_align_&quot;:{&quot;current_class&quot;:&quot;bt_bb_align_inherit&quot;,&quot;xxl&quot;:&quot;inherit&quot;,&quot;xl&quot;:&quot;inherit&quot;}}\"><h2 class=\"bt_bb_headline_tag\"><span class=\"bt_bb_headline_content\"><span>Casos de \u00e9xito<\/span><\/span><\/h2><div class=\"bt_bb_headline_subheadline\">Conoce algunos de nuestros clientes quienes fueron atendidos con \u00e9xito,a traves de la mejora continua Pixir se encuentra en constante capacitaci\u00f3n para brindar el mejor servicio.<\/div><\/header><div class=\"bt_bb_separator bt_bb_border_style_none bt_bb_top_spacing_normal\" data-bt-override-class=\"null\"><\/div><div class=\"bt_bb_image bt_bb_shape_hard-rounded bt_bb_target_self bt_bb_align_inherit bt_bb_hover_style_simple bt_bb_content_display_always bt_bb_content_align_middle\" data-bt-override-class=\"{&quot;bt_bb_align_&quot;:{&quot;current_class&quot;:&quot;bt_bb_align_inherit&quot;,&quot;xxl&quot;:&quot;inherit&quot;,&quot;xl&quot;:&quot;inherit&quot;}}\"><span><img loading=\"lazy\" decoding=\"async\" width=\"160\" height=\"160\" src=\"https:\/\/www.pixir.com.mx\/wp-content\/uploads\/2022\/11\/ClubRotario-160x160.png\" class=\"attachment-thumbnail size-thumbnail\" alt=\"https:\/\/www.pixir.com.mx\/wp-content\/uploads\/2022\/11\/ClubRotario-160x160.png\" data-full_image_src=\"https:\/\/www.pixir.com.mx\/wp-content\/uploads\/2022\/11\/ClubRotario.png\" title=\"ClubRotario\" srcset=\"https:\/\/www.pixir.com.mx\/wp-content\/uploads\/2022\/11\/ClubRotario-160x160.png 160w, https:\/\/www.pixir.com.mx\/wp-content\/uploads\/2022\/11\/ClubRotario-640x640.png 640w, https:\/\/www.pixir.com.mx\/wp-content\/uploads\/2022\/11\/ClubRotario-1280x1280.png 1280w, https:\/\/www.pixir.com.mx\/wp-content\/uploads\/2022\/11\/ClubRotario-768x768.png 768w, https:\/\/www.pixir.com.mx\/wp-content\/uploads\/2022\/11\/ClubRotario-1536x1536.png 1536w, https:\/\/www.pixir.com.mx\/wp-content\/uploads\/2022\/11\/ClubRotario-320x320.png 320w, https:\/\/www.pixir.com.mx\/wp-content\/uploads\/2022\/11\/ClubRotario.png 2048w\" sizes=\"auto, (max-width: 160px) 100vw, 160px\" \/><\/span><\/div><\/div><\/div><\/div><\/div><\/div><\/div><\/div><\/div><\/section><\/p>","protected":false},"excerpt":{"rendered":"","protected":false},"author":1,"featured_media":0,"parent":0,"menu_order":0,"comment_status":"closed","ping_status":"closed","template":"","meta":{"footnotes":""},"class_list":["post-3797","page","type-page","status-publish","hentry"],"_links":{"self":[{"href":"https:\/\/www.pixir.com.mx\/en\/wp-json\/wp\/v2\/pages\/3797","targetHints":{"allow":["GET"]}}],"collection":[{"href":"https:\/\/www.pixir.com.mx\/en\/wp-json\/wp\/v2\/pages"}],"about":[{"href":"https:\/\/www.pixir.com.mx\/en\/wp-json\/wp\/v2\/types\/page"}],"author":[{"embeddable":true,"href":"https:\/\/www.pixir.com.mx\/en\/wp-json\/wp\/v2\/users\/1"}],"replies":[{"embeddable":true,"href":"https:\/\/www.pixir.com.mx\/en\/wp-json\/wp\/v2\/comments?post=3797"}],"version-history":[{"count":31,"href":"https:\/\/www.pixir.com.mx\/en\/wp-json\/wp\/v2\/pages\/3797\/revisions"}],"predecessor-version":[{"id":3986,"href":"https:\/\/www.pixir.com.mx\/en\/wp-json\/wp\/v2\/pages\/3797\/revisions\/3986"}],"wp:attachment":[{"href":"https:\/\/www.pixir.com.mx\/en\/wp-json\/wp\/v2\/media?parent=3797"}],"curies":[{"name":"wp","href":"https:\/\/api.w.org\/{rel}","templated":true}]}}